{"id":2601,"date":"2021-07-13T17:30:27","date_gmt":"2021-07-13T17:30:27","guid":{"rendered":"https:\/\/tbr-kielce.pl\/?page_id=2601"},"modified":"2021-07-14T00:54:21","modified_gmt":"2021-07-14T00:54:21","slug":"uslugi","status":"publish","type":"page","link":"https:\/\/tbr-kielce.pl\/?page_id=2601","title":{"rendered":"Us\u0142ugi"},"content":{"rendered":"\t\t<div data-elementor-type=\"wp-page\" data-elementor-id=\"2601\" class=\"elementor elementor-2601\" data-elementor-settings=\"[]\">\n\t\t\t\t\t\t\t<div class=\"elementor-section-wrap\">\n\t\t\t\t\t\t\t<section class=\"elementor-section elementor-top-section elementor-element elementor-element-22fb553 elementor-section-boxed elementor-section-height-default elementor-section-height-default\" data-id=\"22fb553\" data-element_type=\"section\" data-settings=\"{&quot;background_background&quot;:&quot;classic&quot;}\">\n\t\t\t\t\t\t\t<div class=\"elementor-background-overlay\"><\/div>\n\t\t\t\t\t\t\t<div class=\"elementor-container elementor-column-gap-extended\">\n\t\t\t\t\t<div class=\"elementor-column elementor-col-100 elementor-top-column elementor-element elementor-element-84ed25e\" data-id=\"84ed25e\" data-element_type=\"column\">\n\t\t\t<div class=\"elementor-widget-wrap elementor-element-populated\">\n\t\t\t\t\t\t\t\t<div class=\"elementor-element elementor-element-b635f52 elementor-invisible elementor-widget elementor-widget-heading\" data-id=\"b635f52\" data-element_type=\"widget\" data-settings=\"{&quot;_animation&quot;:&quot;fadeInUp&quot;}\" data-widget_type=\"heading.default\">\n\t\t\t\t<div class=\"elementor-widget-container\">\n\t\t\t<h5 class=\"elementor-heading-title elementor-size-default\">Us\u0142ugi ksi\u0119gowe<\/h5>\t\t<\/div>\n\t\t\t\t<\/div>\n\t\t\t\t<div class=\"elementor-element elementor-element-fb88dc3 elementor-invisible elementor-widget elementor-widget-text-editor\" data-id=\"fb88dc3\" data-element_type=\"widget\" data-settings=\"{&quot;_animation&quot;:&quot;fadeInUp&quot;,&quot;_animation_delay&quot;:200}\" data-widget_type=\"text-editor.default\">\n\t\t\t\t<div class=\"elementor-widget-container\">\n\t\t\t\t\t\t\t\t<ul><li class=\"p1\">Tworzenie i aktualizacja polityki rachunkowo\u015bci<\/li><li class=\"p1\">Prowadzenie ksi\u0105g rachunkowych<\/li><li class=\"p1\">Projektowanie i tworzenie raport\u00f3w wed\u0142ug indywidualnych potrzeb klienta<\/li><li class=\"p1\">Wsparcie w procesie tworzenia bud\u017cet\u00f3w oraz kontrola ich realizacji<\/li><li class=\"p1\">Prowadzenie rejestr\u00f3w dla podmiot\u00f3w zagranicznych na potrzeby rozlicze\u0144 podatku VAT w Polsce<\/li><li class=\"p1\">Dokonywanie rozlicze\u0144 podatkowych w zakresie podatku dochodowego oraz podatku od towar\u00f3w i us\u0142ug<\/li><li class=\"p1\">Sporz\u0105dzanie sprawozda\u0144 statystycznych<\/li><\/ul>\t\t\t\t\t\t<\/div>\n\t\t\t\t<\/div>\n\t\t\t\t<div class=\"elementor-element elementor-element-262d068 elementor-invisible elementor-widget elementor-widget-heading\" data-id=\"262d068\" data-element_type=\"widget\" data-settings=\"{&quot;_animation&quot;:&quot;fadeInUp&quot;}\" data-widget_type=\"heading.default\">\n\t\t\t\t<div class=\"elementor-widget-container\">\n\t\t\t<h5 class=\"elementor-heading-title elementor-size-default\">Kadry i p\u0142ace<\/h5>\t\t<\/div>\n\t\t\t\t<\/div>\n\t\t\t\t<div class=\"elementor-element elementor-element-432ae50 elementor-invisible elementor-widget elementor-widget-text-editor\" data-id=\"432ae50\" data-element_type=\"widget\" data-settings=\"{&quot;_animation&quot;:&quot;fadeInUp&quot;,&quot;_animation_delay&quot;:200}\" data-widget_type=\"text-editor.default\">\n\t\t\t\t<div class=\"elementor-widget-container\">\n\t\t\t\t\t\t\t\t<ul><li class=\"p1\">Prowadzenie pe\u0142nej dokumentacji kadrowo-p\u0142acowej<\/li><li class=\"p1\">Obs\u0142uga um\u00f3w cywilno-prawnych: umowy zlecenia, umowy o dzie\u0142o, umowa typu kontrakt mened\u017cerski innych<\/li><li class=\"p1\">Przygotowywanie raport\u00f3w dotycz\u0105cych koszt\u00f3w wynagrodze\u0144<\/li><li class=\"p1\">Zarz\u0105dzanie p\u0142atno\u015bciami wynagrodze\u0144 i zobowi\u0105za\u0144 publiczno-prawnych<\/li><li class=\"p1\">Przygotowywanie deklaracji do urz\u0119d\u00f3w publicznych (w szczeg\u00f3lno\u015bci PIT, ZUS)<\/li><li class=\"p1\">Sporz\u0105dzanie sprawozda\u0144 statystycznych<\/li><\/ul>\t\t\t\t\t\t<\/div>\n\t\t\t\t<\/div>\n\t\t\t\t<div class=\"elementor-element elementor-element-dbd07cd elementor-invisible elementor-widget elementor-widget-heading\" data-id=\"dbd07cd\" data-element_type=\"widget\" data-settings=\"{&quot;_animation&quot;:&quot;fadeInUp&quot;}\" data-widget_type=\"heading.default\">\n\t\t\t\t<div class=\"elementor-widget-container\">\n\t\t\t<h5 class=\"elementor-heading-title elementor-size-default\">Ksi\u0119gowo\u015b\u0107 uproszczona<\/h5>\t\t<\/div>\n\t\t\t\t<\/div>\n\t\t\t\t<div class=\"elementor-element elementor-element-d7cf6f0 elementor-invisible elementor-widget elementor-widget-text-editor\" data-id=\"d7cf6f0\" data-element_type=\"widget\" data-settings=\"{&quot;_animation&quot;:&quot;fadeInUp&quot;,&quot;_animation_delay&quot;:200}\" data-widget_type=\"text-editor.default\">\n\t\t\t\t<div class=\"elementor-widget-container\">\n\t\t\t\t\t\t\t\t<ul><li>Prowadzenie podatkowej ksi\u0119gi przychod\u00f3w i rozchod\u00f3w<\/li><li>Prowadzenie ewidencji rycza\u0142towych<\/li><li>Dokonywanie rozlicze\u0144 podatkowych w zakresie podatku dochodowego oraz podatku od towar\u00f3w i us\u0142ug<\/li><li>Rozliczanie sk\u0142adek na ubezpieczenie spo\u0142eczne w\u0142a\u015bcicieli<\/li><li>Sporz\u0105dzanie sprawozda\u0144 statystycznych<\/li><\/ul>\t\t\t\t\t\t<\/div>\n\t\t\t\t<\/div>\n\t\t\t\t<div class=\"elementor-element elementor-element-427ede4 elementor-invisible elementor-widget elementor-widget-heading\" data-id=\"427ede4\" data-element_type=\"widget\" data-settings=\"{&quot;_animation&quot;:&quot;fadeInUp&quot;}\" data-widget_type=\"heading.default\">\n\t\t\t\t<div class=\"elementor-widget-container\">\n\t\t\t<h5 class=\"elementor-heading-title elementor-size-default\">Us\u0142ugi dodatkowe<\/h5>\t\t<\/div>\n\t\t\t\t<\/div>\n\t\t\t\t<div class=\"elementor-element elementor-element-1f9513d elementor-invisible elementor-widget elementor-widget-text-editor\" data-id=\"1f9513d\" data-element_type=\"widget\" data-settings=\"{&quot;_animation&quot;:&quot;fadeInUp&quot;,&quot;_animation_delay&quot;:200}\" data-widget_type=\"text-editor.default\">\n\t\t\t\t<div class=\"elementor-widget-container\">\n\t\t\t\t\t\t\t\t<ul><li>Wsparcie w procesie budowania dzia\u0142u ksi\u0119gowo\u015bci wewn\u0119trznej<\/li><li>Przeprowadzanie kontroli ksi\u0105g rachunkowych oraz dokumentacji kadrowo-p\u0142acowej<\/li><li>Pomoc w uzupe\u0142nieniu zaleg\u0142o\u015bci ksi\u0119gowych i podatkowych<\/li><li>Pomoc w za\u0142o\u017ceniu firmy, przekszta\u0142ceniach firmy, zawieszeniu prowadzenia dzia\u0142alno\u015bci, likwidacji <br \/>firmy<\/li><li>Przygotowywanie przelew\u00f3w bankowych dla klienta<\/li><li>Wystawianie faktur sprzeda\u017cy<\/li><li>Windykowanie nale\u017cno\u015bci<\/li><\/ul>\t\t\t\t\t\t<\/div>\n\t\t\t\t<\/div>\n\t\t\t\t<div class=\"elementor-element elementor-element-4367c6b elementor-widget__width-auto elementor-invisible elementor-widget elementor-widget-button\" data-id=\"4367c6b\" data-element_type=\"widget\" data-settings=\"{&quot;_animation&quot;:&quot;fadeInUp&quot;,&quot;_animation_delay&quot;:600}\" data-widget_type=\"button.default\">\n\t\t\t\t<div class=\"elementor-widget-container\">\n\t\t\t\t\t<div class=\"elementor-button-wrapper\">\n\t\t\t<a href=\"https:\/\/tbr-kielce.pl\/?page_id=2526\" class=\"elementor-button-link elementor-button elementor-size-sm\" role=\"button\">\n\t\t\t\t\t\t<span class=\"elementor-button-content-wrapper\">\n\t\t\t\t\t\t<span class=\"elementor-button-text\">Cennik<\/span>\n\t\t<\/span>\n\t\t\t\t\t<\/a>\n\t\t<\/div>\n\t\t\t\t<\/div>\n\t\t\t\t<\/div>\n\t\t\t\t\t<\/div>\n\t\t<\/div>\n\t\t\t\t\t\t\t<\/div>\n\t\t<\/section>\n\t\t\t\t\t\t<\/div>\n\t\t\t\t\t<\/div>\n\t\t","protected":false},"excerpt":{"rendered":"<p>Us\u0142ugi ksi\u0119gowe Tworzenie i aktualizacja polityki rachunkowo\u015bci Prowadzenie ksi\u0105g rachunkowych Projektowanie i tworzenie raport\u00f3w wed\u0142ug indywidualnych potrzeb klienta Wsparcie w procesie tworzenia bud\u017cet\u00f3w oraz kontrola ich realizacji Prowadzenie rejestr\u00f3w dla podmiot\u00f3w zagranicznych na potrzeby rozlicze\u0144 podatku VAT w Polsce Dokonywanie rozlicze\u0144 podatkowych w zakresie podatku dochodowego oraz podatku od towar\u00f3w i us\u0142ug Sporz\u0105dzanie sprawozda\u0144 statystycznych [&hellip;]<\/p>\n","protected":false},"author":1,"featured_media":0,"parent":0,"menu_order":0,"comment_status":"closed","ping_status":"closed","template":"","meta":{"footnotes":""},"class_list":["post-2601","page","type-page","status-publish","hentry"],"_links":{"self":[{"href":"https:\/\/tbr-kielce.pl\/index.php?rest_route=\/wp\/v2\/pages\/2601","targetHints":{"allow":["GET"]}}],"collection":[{"href":"https:\/\/tbr-kielce.pl\/index.php?rest_route=\/wp\/v2\/pages"}],"about":[{"href":"https:\/\/tbr-kielce.pl\/index.php?rest_route=\/wp\/v2\/types\/page"}],"author":[{"embeddable":true,"href":"https:\/\/tbr-kielce.pl\/index.php?rest_route=\/wp\/v2\/users\/1"}],"replies":[{"embeddable":true,"href":"https:\/\/tbr-kielce.pl\/index.php?rest_route=%2Fwp%2Fv2%2Fcomments&post=2601"}],"version-history":[{"count":29,"href":"https:\/\/tbr-kielce.pl\/index.php?rest_route=\/wp\/v2\/pages\/2601\/revisions"}],"predecessor-version":[{"id":2835,"href":"https:\/\/tbr-kielce.pl\/index.php?rest_route=\/wp\/v2\/pages\/2601\/revisions\/2835"}],"wp:attachment":[{"href":"https:\/\/tbr-kielce.pl\/index.php?rest_route=%2Fwp%2Fv2%2Fmedia&parent=2601"}],"curies":[{"name":"wp","href":"https:\/\/api.w.org\/{rel}","templated":true}]}}